{"id":279,"date":"2020-05-28T20:08:00","date_gmt":"2020-05-28T18:08:00","guid":{"rendered":"http:\/\/pttkukta.pl\/?page_id=279"},"modified":"2021-09-29T18:50:25","modified_gmt":"2021-09-29T16:50:25","slug":"o-stanicy-wodnej-pttk-ukta","status":"publish","type":"page","link":"https:\/\/pttkukta.pl\/de\/o-stanicy-wodnej-pttk-ukta\/","title":{"rendered":"\u00dcber Unser Hostel"},"content":{"rendered":"<div id=\"fws_69f18b55d8c16\"  data-column-margin=\"default\" data-midnight=\"light\" data-top-percent=\"8%\" data-bottom-percent=\"8%\"  class=\"wpb_row vc_row-fluid vc_row full-width-section  vc_row-o-equal-height vc_row-flex parallax_section  top_padding_tablet_20pct bottom_padding_tablet_25pct\"  style=\"padding-top: calc(100vw * 0.08); padding-bottom: calc(100vw * 0.08); \"><div class=\"row-bg-wrap\" data-bg-animation=\"none\" data-bg-overlay=\"true\"><div class=\"inner-wrap using-image\"><div class=\"row-bg using-image using-bg-color\" data-parallax-speed=\"fast\" style=\"background-image: url(https:\/\/pttkukta.pl\/wp-content\/uploads\/2020\/05\/splywy-kajakowe-pttk-ukta-stanica-noclegi.jpg); background-position: left top; background-repeat: no-repeat; background-color: #1c5c6b; \"><\/div><\/div><div class=\"row-bg-overlay\" style=\"background-color:#1c5c6b;  opacity: 0.8; \"><\/div><\/div>\r\n\t\t\t<div class=\"video-color-overlay\" data-color=\"\"><\/div>\r\n      \r\n\t\t\t<div class=\"nectar-video-wrap\" data-bg-alignment=\"left top\">\r\n\t\t\t\t<div class=\"nectar-video-inner\">\r\n        <video class=\"nectar-video-bg\" width=\"1800\" height=\"700\" preload=\"auto\" loop autoplay muted playsinline><\/video>    \t\t<\/div>\r\n\t\t\t <\/div>\r\n\r\n\t\t\t<div class=\"row_col_wrap_12 col span_12 light left\">\n\t<div  class=\"vc_col-sm-12 wpb_column column_container vc_column_container col centered-text no-extra-padding inherit_tablet inherit_phone\"  data-padding-pos=\"all\" data-has-bg-color=\"false\" data-bg-color=\"\" data-bg-opacity=\"1\" data-animation=\"\" data-delay=\"0\" >\n\t\t<div class=\"vc_column-inner\" >\n\t\t\t<div class=\"wpb_wrapper\">\n\t\t\t\t<div id=\"fws_69f18b55d93c7\" data-midnight=\"\" data-column-margin=\"none\" class=\"wpb_row vc_row-fluid vc_row inner_row   bottom_padding_tablet_20px\"  style=\"padding-bottom: 60px; \"><div class=\"row-bg-wrap\"> <div class=\"row-bg\" ><\/div> <\/div><div class=\"row_col_wrap_12_inner col span_12  left\">\n\t<div  class=\"vc_col-sm-2 wpb_column column_container vc_column_container col child_column has-animation no-extra-padding inherit_tablet inherit_phone\"   data-padding-pos=\"all\" data-has-bg-color=\"false\" data-bg-color=\"\" data-bg-opacity=\"1\" data-animation=\"fade-in-from-bottom\" data-delay=\"0\">\n\t\t<div class=\"vc_column-inner\" >\n\t\t<div class=\"wpb_wrapper\">\n\t\t\t\n\t\t<\/div> \n\t<\/div>\n\t<\/div> \n\n\t<div  class=\"vc_col-sm-8 wpb_column column_container vc_column_container col child_column has-animation no-extra-padding inherit_tablet inherit_phone\"   data-padding-pos=\"all\" data-has-bg-color=\"false\" data-bg-color=\"\" data-bg-opacity=\"1\" data-animation=\"fade-in-from-bottom\" data-delay=\"0\">\n\t\t<div class=\"vc_column-inner\" >\n\t\t<div class=\"wpb_wrapper\">\n\t\t\t<div class=\"nectar-highlighted-text\" data-style=\"half_text\" data-exp=\"default\" data-user-color=\"true\" style=\"color: #ffffff;\" data-using-custom-color=\"true\" data-animation-delay=\"200\" data-color=\"#bc9369\" data-color-gradient=\"\">\n<h3>Wasserstation<\/h3>\n<\/div><div class=\"nectar-highlighted-text font_size_10vh\" data-style=\"half_text\" data-exp=\"default\" data-user-color=\"true\" style=\"color: #ffffff;\" data-using-custom-color=\"true\" data-animation-delay=\"200\" data-color=\"#bc9369\" data-color-gradient=\"\">\n<h1><em>PTTK Ukta<\/em><\/h1>\n<\/div><div class=\"nectar-highlighted-text\" data-style=\"half_text\" data-exp=\"default\" data-user-color=\"true\" style=\"color: #ffffff;\" data-using-custom-color=\"true\" data-animation-delay=\"200\" data-color=\"#bc9369\" data-color-gradient=\"\">\n<h3><\/h3>\n<h2>Ein paar Worte \u00fcber uns!<\/h2>\n<\/div>\n\t\t<\/div> \n\t<\/div>\n\t<\/div> \n\n\t<div  class=\"vc_col-sm-2 wpb_column column_container vc_column_container col child_column no-extra-padding inherit_tablet inherit_phone\"   data-padding-pos=\"all\" data-has-bg-color=\"false\" data-bg-color=\"\" data-bg-opacity=\"1\" data-animation=\"\" data-delay=\"0\">\n\t\t<div class=\"vc_column-inner\" >\n\t\t<div class=\"wpb_wrapper\">\n\t\t\t\n\t\t<\/div> \n\t<\/div>\n\t<\/div> \n<\/div><\/div><div id=\"fws_69f18b55d9b9c\" data-midnight=\"\" data-column-margin=\"default\" class=\"wpb_row vc_row-fluid vc_row inner_row\"  style=\"\"><div class=\"row-bg-wrap\"> <div class=\"row-bg\" ><\/div> <\/div><div class=\"row_col_wrap_12_inner col span_12  left\">\n\t<div  class=\"vc_col-sm-12 wpb_column column_container vc_column_container col child_column has-animation no-extra-padding inherit_tablet inherit_phone\"   data-padding-pos=\"all\" data-has-bg-color=\"false\" data-bg-color=\"\" data-bg-opacity=\"1\" data-animation=\"fade-in-from-bottom\" data-delay=\"600\">\n\t\t<div class=\"vc_column-inner\" >\n\t\t<div class=\"wpb_wrapper\">\n\t\t\t<div class=\"nectar-next-section-wrap minimal-arrow\"  data-align=\"center\" data-custom-color=\"true\">\r\n    <a href=\"#\" class=\"nectar-next-section skip-hash\">\r\n      <svg class=\"next-arrow\" width=\"40px\" height=\"68px\" viewbox=\"0 0 40 50\" xml:space=\"preserve\">\r\n      <path stroke=\"#f8eadc\" stroke-width=\"2\" fill=\"none\" d=\"M 20 0 L 20 51\"><\/path>\r\n      <polyline stroke=\"#f8eadc\" stroke-width=\"2\" fill=\"none\" points=\"12, 44 20, 52 28, 44\"><\/polyline>\r\n      <\/svg>\r\n    <\/a>\r\n  <\/div>\n\t\t<\/div> \n\t<\/div>\n\t<\/div> \n<\/div><\/div>\n\t\t\t<\/div> \n\t\t<\/div>\n\t<\/div> \n<\/div><\/div>\r\n\t\t<div id=\"fws_69f18b55da13d\"  data-column-margin=\"default\" data-midnight=\"dark\" data-top-percent=\"8%\" data-bottom-percent=\"8%\"  class=\"wpb_row vc_row-fluid vc_row full-width-section\"  style=\"padding-top: calc(100vw * 0.08); padding-bottom: calc(100vw * 0.08); \"><div class=\"row-bg-wrap\" data-bg-animation=\"none\" data-bg-overlay=\"false\"><div class=\"inner-wrap\"><div class=\"row-bg using-bg-color\"  style=\"background-color: #ffffff; \"><\/div><\/div><\/div><div class=\"row_col_wrap_12 col span_12 dark left\">\n\t<div  class=\"vc_col-sm-2 wpb_column column_container vc_column_container col no-extra-padding inherit_tablet inherit_phone\"  data-padding-pos=\"all\" data-has-bg-color=\"false\" data-bg-color=\"\" data-bg-opacity=\"1\" data-animation=\"\" data-delay=\"0\" >\n\t\t<div class=\"vc_column-inner\" >\n\t\t\t<div class=\"wpb_wrapper\">\n\t\t\t\t<div id=\"fws_69f18b55da47c\" data-midnight=\"\" data-column-margin=\"default\" class=\"wpb_row vc_row-fluid vc_row inner_row\"  style=\"\"><div class=\"row-bg-wrap\"> <div class=\"row-bg\" ><\/div> <\/div><div class=\"row_col_wrap_12_inner col span_12  left\">\n\t<div  class=\"vc_col-sm-12 wpb_column column_container vc_column_container col child_column has-animation no-extra-padding inherit_tablet inherit_phone\"   data-padding-pos=\"all\" data-has-bg-color=\"false\" data-bg-color=\"\" data-bg-opacity=\"1\" data-animation=\"fade-in-from-bottom\" data-delay=\"0\">\n\t\t<div class=\"vc_column-inner\" >\n\t\t<div class=\"wpb_wrapper\">\n\t\t\t\n\t\t<\/div> \n\t<\/div>\n\t<\/div> \n<\/div><\/div>\n\t\t\t<\/div> \n\t\t<\/div>\n\t<\/div> \n\n\t<div  class=\"vc_col-sm-8 wpb_column column_container vc_column_container col no-extra-padding inherit_tablet inherit_phone\"  data-padding-pos=\"all\" data-has-bg-color=\"false\" data-bg-color=\"\" data-bg-opacity=\"1\" data-animation=\"\" data-delay=\"0\" >\n\t\t<div class=\"vc_column-inner\" >\n\t\t\t<div class=\"wpb_wrapper\">\n\t\t\t\t\r\n<div class=\"wpb_text_column wpb_content_element  vc_custom_1591739358011\" >\r\n\t<div class=\"wpb_wrapper\">\r\n\t\t<h3 style=\"text-align: center;\">Das Fluss-Hostel PTTK Ukta ist ein Ort, der inmitten von Feldern, W\u00e4ldern und dem Fluss Krutynia liegt.<\/h3>\n<div class=\"tatsu-module tatsu-text-block-wrap tatsu-gf8plalzja98lotk\">\n<div class=\"tatsu-text-inner tatsu-align-center clearfix\" data-animation=\"fadeIn\">\n<p style=\"text-align: center;\">Wir laden Sie ein, unser Angebot f\u00fcr einen Aufenthalt inmitten der Natur zu nutzen, umgeben von den masurischen Wiesen und W\u00e4ldern, fernab vom L\u00e4rm der Stadt und dem Alltagstrubel. Die einzigartige Lage unseres Objekts \u2013 abseits, direkt am Fluss Krutynia und in der N\u00e4he eines Naturschutzgebiets \u2013 erm\u00f6glicht einen wunderbaren Urlaub oder ein Wochenende im Kreis von Freunden, Familie oder Kollegen.<\/p>\n<p style=\"text-align: center;\">Wir vergessen auch die Kanufahrer nicht, die in unserem Fluss-Hostel immer willkommen sind. Wir garantieren, dass Sie bei uns gute \u00dcbernachtungsbedingungen, saubere sanit\u00e4re Einrichtungen und k\u00f6stliche hausgemachte Mahlzeiten finden werden.<\/p>\n<p style=\"text-align: center;\">Wir warten auf Sie von Anfang Mai bis Ende September.<\/p>\n<p style=\"text-align: center;\">Wir laden Sie ein, sich n\u00e4her mit unserem Angebot vertraut zu machen und hoffen, dass Sie uns bald besuchen werden.<\/p>\n<\/div>\n<\/div>\n\t<\/div>\r\n<\/div>\r\n\r\n\r\n\r\n\n\t\t\t<\/div> \n\t\t<\/div>\n\t<\/div> \n\n\t<div  class=\"vc_col-sm-2 wpb_column column_container vc_column_container col no-extra-padding inherit_tablet inherit_phone\"  data-padding-pos=\"all\" data-has-bg-color=\"false\" data-bg-color=\"\" data-bg-opacity=\"1\" data-animation=\"\" data-delay=\"0\" >\n\t\t<div class=\"vc_column-inner\" >\n\t\t\t<div class=\"wpb_wrapper\">\n\t\t\t\t\n\t\t\t<\/div> \n\t\t<\/div>\n\t<\/div> \n<\/div><\/div>\r\n\t\t<div id=\"fws_69f18b55db826\"  data-column-margin=\"default\" data-midnight=\"light\" data-top-percent=\"8%\" data-bottom-percent=\"8%\"  class=\"wpb_row vc_row-fluid vc_row full-width-section parallax_section\"  style=\"padding-top: calc(100vw * 0.08); padding-bottom: calc(100vw * 0.08); \"><div class=\"row-bg-wrap\" data-bg-animation=\"none\" data-bg-overlay=\"true\"><div class=\"inner-wrap using-image\"><div class=\"row-bg using-image using-bg-color\" data-parallax-speed=\"fast\" style=\"background-image: url(https:\/\/pttkukta.pl\/wp-content\/uploads\/2020\/06\/IMG_1321.jpg); background-position: center center; background-repeat: no-repeat; background-color: #333333; \"><\/div><\/div><div class=\"row-bg-overlay\" style=\"background-color:#0a0a0a;  opacity: 0.5; \"><\/div><\/div>\r\n\t\t\t<div class=\"video-color-overlay\" data-color=\"\"><\/div>\r\n      \r\n\t\t\t<div class=\"nectar-video-wrap\" data-bg-alignment=\"center center\">\r\n\t\t\t\t<div class=\"nectar-video-inner\">\r\n        <video class=\"nectar-video-bg\" width=\"1800\" height=\"700\" preload=\"auto\" loop autoplay muted playsinline><\/video>    \t\t<\/div>\r\n\t\t\t <\/div>\r\n\r\n\t\t\t<div class=\"row_col_wrap_12 col span_12 light left\">\n\t<div  class=\"vc_col-sm-8 wpb_column column_container vc_column_container col no-extra-padding inherit_tablet inherit_phone\"  data-padding-pos=\"all\" data-has-bg-color=\"false\" data-bg-color=\"\" data-bg-opacity=\"1\" data-animation=\"\" data-delay=\"0\" >\n\t\t<div class=\"vc_column-inner\" >\n\t\t\t<div class=\"wpb_wrapper\">\n\t\t\t\t<div class=\"nectar-split-heading\" data-align=\"default\" data-m-align=\"inherit\" data-animation-type=\"default\" data-animation-delay=\"0\" data-m-rm-animation=\"\" data-stagger=\"\" data-custom-font-size=\"false\" ><div class=\"heading-line\" > <div><h1>PTTK Ukta<\/h1> <\/div> <\/div><div class=\"heading-line\" > <div><h2>Wir warten das ganze Jahr auf Sie!<\/h2> <\/div> <\/div><\/div>\n\t\t\t<\/div> \n\t\t<\/div>\n\t<\/div> \n\n\t<div  class=\"vc_col-sm-4 wpb_column column_container vc_column_container col no-extra-padding inherit_tablet inherit_phone\"  data-padding-pos=\"all\" data-has-bg-color=\"false\" data-bg-color=\"\" data-bg-opacity=\"1\" data-animation=\"\" data-delay=\"0\" >\n\t\t<div class=\"vc_column-inner\" >\n\t\t\t<div class=\"wpb_wrapper\">\n\t\t\t\t\n\t\t\t<\/div> \n\t\t<\/div>\n\t<\/div> \n<\/div><\/div>","protected":false},"excerpt":{"rendered":"Stanica Wodna PTTK Ukta Kilka s\u0142\u00f3w o nas! Stanica Wodna PTTK Ukta to miejsce po\u0142o\u017cone po\u015br\u00f3d p\u00f3l, las\u00f3w i rzeki Krutyni. Zapraszamy do skorzystania z oferty wypoczynku na \u0142onie natury,...","protected":false},"author":1,"featured_media":0,"parent":0,"menu_order":0,"comment_status":"closed","ping_status":"closed","template":"","meta":[],"_links":{"self":[{"href":"https:\/\/pttkukta.pl\/de\/wp-json\/wp\/v2\/pages\/279"}],"collection":[{"href":"https:\/\/pttkukta.pl\/de\/wp-json\/wp\/v2\/pages"}],"about":[{"href":"https:\/\/pttkukta.pl\/de\/wp-json\/wp\/v2\/types\/page"}],"author":[{"embeddable":true,"href":"https:\/\/pttkukta.pl\/de\/wp-json\/wp\/v2\/users\/1"}],"replies":[{"embeddable":true,"href":"https:\/\/pttkukta.pl\/de\/wp-json\/wp\/v2\/comments?post=279"}],"version-history":[{"count":3,"href":"https:\/\/pttkukta.pl\/de\/wp-json\/wp\/v2\/pages\/279\/revisions"}],"predecessor-version":[{"id":1230,"href":"https:\/\/pttkukta.pl\/de\/wp-json\/wp\/v2\/pages\/279\/revisions\/1230"}],"wp:attachment":[{"href":"https:\/\/pttkukta.pl\/de\/wp-json\/wp\/v2\/media?parent=279"}],"curies":[{"name":"wp","href":"https:\/\/api.w.org\/{rel}","templated":true}]}}